{"id":2190,"date":"2024-12-09T13:41:11","date_gmt":"2024-12-09T12:41:11","guid":{"rendered":"https:\/\/sac-sportscars.trafficflow.dev\/?page_id=2190"},"modified":"2025-12-10T13:21:36","modified_gmt":"2025-12-10T12:21:36","slug":"agb","status":"publish","type":"page","link":"https:\/\/sac-sportscars.ch\/en\/agb\/","title":{"rendered":"Terms"},"content":{"rendered":"<h2 class=\"wp-block-heading\" id=\"who-we-are\">Allgemeine Gesch\u00e4ftsbedingungen (AGB)<\/h2><p>Hier finden Sie unsere <a href=\"https:\/\/sac-sportscars.ch\/en\/privacy-policy\/\" data-type=\"page\" data-id=\"2570\">Datenschutz-Seite<\/a>. <\/p><p>SAC Sportscars AG<\/p><p><strong>1.Parteien<\/strong><\/p><p>Vermieterin ist die SAC Sportscars AG (nachfolgend \u201eVermieterin\u201c oder \u201eSAC\u201c genannt). Mieter ist die jeweilige im Mietvertrag eingetragene nat\u00fcrliche oder juristische Person, die ein Fahrzeug der SAC mietet (nachfolgend der \u00abMieter\u00bb). Bei den von der SAC vermieteten Fahrzeugen handelt es sich grunds\u00e4tzlich um exklusive Sportwagen aus dem Luxussegment (nachfolgend die \u00abMietfahrzeuge\u00bb), weshalb der Mieter besondere Vorgaben einzuhalten hat.<\/p><p><strong>2.Mieter<\/strong><\/p><p>Voraussetzungen f\u00fcr die Miete sind ein Mindestalter des Mieters von 18 Jahren sowie ein schweizerischer F\u00fchrerausweis Kategorie B.<\/p><p>Der Mieter darf das Nutzungsrecht aus dem Mietvertrag nur mit Zustimmung der Vermieterin auf eine weitere Person \u00fcbertragen. Dieser Zusatzfahrer ist durch den Mieter bei Vertragsabschluss zu nennen.<\/p><p><strong>3.Mietpreis, Kaution und Zahlungsmethoden<\/strong><\/p><p>Der vereinbare Mietpreis sowie eine allf\u00e4llig vereinbarte Kaution (Depot) sind vor Mietantritt vollst\u00e4ndig zu begleichen. Die Nachforderung f\u00fcr eine \u00fcber die getroffene Vereinbarung hinausgehende Nutzung des Mietfahrzeugs (z.B. l\u00e4ngere Mietdauer) bleibt vorbehalten.<\/p><p>Die SAC ist berechtigt, die Kaution mit allen Anspr\u00fcchen aus oder im Zusammenhang mit dem Mietvertrag gegen\u00fcber dem Mieter zu verrechnen. Bei internationalen F\u00fchrerscheinen kann eine Kaution erforderlich sein. Die H\u00f6he der Kaution variiert je nach Fahrzeugmodell und wird bei der R\u00fcckgabe des Fahrzeugs in einwandfreiem Zustand vollst\u00e4ndig erstattet.<\/p><p>Die Zahlung kann per Bank\u00fcberweisung erfolgen, wobei der Betrag rechtzeitig vor Mietbeginn auf dem Konto der SAC eingehen muss. Alternativ ist eine Online-Zahlung mit Kreditkarte m\u00f6glich, bei der ein Zuschlag von 3 % auf den Mietpreis erhoben wird. Zudem besteht die M\u00f6glichkeit, den Mietpreis vor Ort in Bar oder mit EC-Karte zu begleichen.<\/p><p><strong>4. Datenschutzbestimmungen<\/strong><\/p><p>Die SAC verarbeitet personenbezogene Daten gem\u00e4ss den geltenden Datenschutzbestimmungen. Dazu geh\u00f6ren insbesondere Kontaktdaten, Zahlungsinformationen und Mietdetails, die zur Vertragserf\u00fcllung gem\u00e4\u00df Art. 6 Abs. 1 lit. b DSGVO verarbeitet werden.<\/p><p>Eine Weitergabe personenbezogener Daten erfolgt nur, wenn dies zur Vertragserf\u00fcllung erforderlich ist, eine gesetzliche Verpflichtung besteht oder der Mieter seine ausdr\u00fcckliche Einwilligung erteilt hat.<\/p><p>Der Mieter hat das Recht auf Auskunft, Berichtigung, L\u00f6schung und Widerspruch gegen die Verarbeitung seiner Daten. Anfragen hierzu k\u00f6nnen an <a>info@sac-sportscars.ch<\/a> gerichtet werden.<\/p><p>Die vollst\u00e4ndigen Datenschutzbestimmungen sind abrufbar unter: <a href=\"https:\/\/sac-sportscars.ch\/en\/privacy-policy\/\">Datenschutzerkl\u00e4rung<\/a>.<\/p><p><strong>5.Buchungen \/ Annullationen<\/strong><\/p><p>Buchungen k\u00f6nnen bis sp\u00e4testens 48 Stunden vor Beginn der Mietzeit durch den Mieter annulliert werden. Bei sp\u00e4teren Annullationen seitens des Mieters ist der gesamte Mietpreis geschuldet.<\/p><p>Die SAC beh\u00e4lt sich das Recht vor, Buchungen bei schlechtem Wetter ohne Angabe weiterer Gr\u00fcnde bzw. aus Sicherheitsgr\u00fcnden zu annullieren und das Mietfahrzeug nicht auszuh\u00e4ndigen. Der Mieter hat keinen Anspruch auf eine Entsch\u00e4digung.<\/p><p><strong>6.Fahrten im Ausland<\/strong><\/p><p>Das Mietfahrzeug darf nur in der Schweiz gefahren werden. Allf\u00e4llige Ausnahmen m\u00fcssen durch die SAC vorg\u00e4ngig schriftlich oder per E-Mail bewilligt werden.<\/p><p>Werden Fahrten im Ausland bewilligt, sind alle jeweiligen anwendbaren ausl\u00e4ndischen gesetzlichen Bestimmungen, u.a. die, welche dem Strassenverkehrsgesetz (SVG) der Schweiz und dessen Verordnungen entsprechen, einzuhalten. Der Mieter haftet alleine f\u00fcr Bussen, Verfahrenskosten und\/oder anderweitige Kosten, die sich aus der Missachtung der entsprechenden Gesetze ergeben.<\/p><p><strong>7.Benutzung des Mietfahrzeugs<\/strong><\/p><p>Der Mieter sowie allf\u00e4llige Zusatzfahrer haben sich zu jedem Zeitpunkt an die Bestimmungen des Strassenverkehrsgesetzes (SVG) und dessen Verordnungen zu halten. Der Mieter haftet alleine und unabh\u00e4ngig von seinem Verschulden f\u00fcr Bussen, Verfahrenskosten und\/oder anderweitige Kosten, die sich aus der Missachtung des Strassenverkehrsgesetzes oder anderer Gesetze ergeben (auch wenn z.B. durch einen Zusatzfahrer begangen).<\/p><p>Die SAC ist als Halterin des gemieteten Fahrzeuges gesetzlich verpflichtet, die Personendaten des Mieters an die Beh\u00f6rden auf entsprechende beh\u00f6rdliche Anordnung hin weiterzuleiten. Die SAC ist ausserdem berechtigt, den Beh\u00f6rden Aufzeichnungen \u00fcber die Benutzung des Mietfahrzeugs (u.a. Daten aus Airbag-Steuerger\u00e4t und Infotainment-System) auszuh\u00e4ndigen. F\u00fcr den dadurch entstandenen administrativen Aufwand wird eine feste Bearbeitungsgeb\u00fchr von CHF&nbsp;100.00 in Rechnung gestellt. Die Geltendmachung von allf\u00e4lligem weiterem Schadenersatz bleibt vorbehalten.<\/p><p>S\u00e4mtliche sich direkt aus der Benutzung des Mietfahrzeugs ergebenden Kosten f\u00fcr Treibstoff, Mautgeb\u00fchren etc. sind ausschliesslich durch den Mieter zu tragen.<\/p><p>Die Nutzung des Mietfahrzeugs als Sportger\u00e4t, etwa f\u00fcr die Teilnahme an Rennsport-Anl\u00e4ssen, ist strikte verboten.<\/p><p>Ein vorhandenes ESP oder andere Kontrollsysteme d\u00fcrfen w\u00e4hrend der kompletten Mietdauer des Mietfahrzeuges nicht deaktiviert werden.<\/p><p>Rauchen, Essen und Trinken sowie das Mitf\u00fchren von Tieren im Auto sind ebenfalls untersagt, ausserdem das Einfahren und Parkieren in Tiefgaragen sowie engen Parkpl\u00e4tzen.<\/p><p><strong>8.Schadensf\u00e4lle<\/strong><\/p><p>Der Mieter verpflichtet sich, Unf\u00e4lle und Schadensf\u00e4lle jeglicher Art unverz\u00fcglich der SAC zu melden. Bei Unf\u00e4llen jeglicher Art ist der Mieter verpflichtet, die Polizei beizuziehen.<\/p><p>Der Mieter ist verpflichtet, den Entzug der Fahrerlaubnis sowie s\u00e4mtlicher die Fahrerlaubnis einschr\u00e4nkende Umst\u00e4nde sowie die vor\u00fcbergehende Sicherstellung oder Beschlagnahme des Mietfahrzeugs der SAC unverz\u00fcglich anzuzeigen. Der Mieter erm\u00e4chtigt die SAC hiermit, bei einem Schadenfall Einsicht in polizeiliche und\/oder beh\u00f6rdliche Akten zu nehmen.<\/p><p>Sch\u00e4den am Mietfahrzeug durch \u00dcberdrehen des Motors, \u00dcberhitzen der Kupplung durch langes Schleifen, Kavalierstarts, \u00fcberm\u00e4ssigem Reifenverschleiss sowie jeglicher Art der Fehlmanipulation gehen vollumf\u00e4nglich zu Lasten der Vermieterin. Diese Sch\u00e4den k\u00f6nnen mittels Testger\u00e4t einfach nachgewiesen werden.<\/p><p><strong>9.Haftungsausschl\u00fcsse<\/strong><\/p><p>Jede Haftung der SAC f\u00fcr sich und die von ihr eingesetzten Hilfspersonen gegen\u00fcber dem Mieter und allf\u00e4lligen Zusatzfahrern f\u00fcr jede Art von vertraglichen und\/oder ausservertraglichen Personen- und\/oder Sachsch\u00e4den ist, soweit gesetzlich zul\u00e4ssig und nicht von einer Versicherung gedeckt, ausdr\u00fccklich ausgeschlossen, einschliesslich der Haftung f\u00fcr mittelbare und\/oder indirekte Sch\u00e4den, f\u00fcr entgangenen Gewinn, M\u00e4ngelfolgesch\u00e4den, Versp\u00e4tungssch\u00e4den, Nichtbenutzbarkeit des Mietfahrzeuges, verpasste Anschl\u00fcsse und Gelegenheiten zum Gesch\u00e4ftsabschluss etc.<\/p><p><strong>10.Versicherung<\/strong><\/p><p>Die Haftpflicht-, Vollkasko- oder Teilkaskoversicherung ist im Mietpreis enthalten. Der Selbstbehalt betr\u00e4gt CHF 3\u2019000.00 und bei Neulenkern CHF 5\u2019000.00. Sch\u00e4den bis zu diesen Selbstbehalten gehen immer zu Lasten des Mieters.<\/p><p>Nicht versichert sind Sch\u00e4den am Mietfahrzeug, an Felgen und Pneus, Motor und Getriebesch\u00e4den sowie auch mechanische und elektronische Sch\u00e4den etc., welche durch nicht ordnungsgem\u00e4sses Fahren entstanden sind (Deaktivieren ESP). F\u00fcr diese Sch\u00e4den haftet der Mieter vollumf\u00e4nglich und unabh\u00e4ngig vom Verschulden. F\u00fcr Unf\u00e4lle bzw. Sch\u00e4den, welche grobfahrl\u00e4ssig oder vors\u00e4tzlich verursacht werden, haftet der Mieter ebenfalls vollumf\u00e4nglich.<\/p><p>Der Konsum von Alkohol und Drogen vor oder w\u00e4hrend der Mietzeit ist verboten. Sch\u00e4den infolge Trunkenheit am Steuer oder Drogenkonsum sind nicht versichert und sind komplett vom Mieter zu \u00fcbernehmen.<\/p><p><strong>11.\u00dcbergabe \/ R\u00fcckgabe<\/strong><\/p><p>Die \u00dcbergabe und R\u00fcckgabe des Mietfahrzeugs erfolgen an der Gesch\u00e4ftsstelle der SAC an der Industriestrasse 168 in 8957 Spreitenbach. Bei der \u00dcbergabe sowie auch bei der R\u00fcckgabe des Mietfahrzeugs wird jeweils ein Zustandsprotokoll ausgef\u00fcllt und eventuelle Sch\u00e4den sind schriftlich auf diesem zu vermerken. Das Mietfahrzeug wird vollgetankt \u00fcbergeben und ist vor der R\u00fcckgabe mit Bleifrei 98 oder V-Power vollzutanken. Die Quittung des Tankbetrages muss mitgebracht werden. Die SAC ist berechtigt, allf\u00e4llige Sch\u00e4den bis 7 Arbeitstage nach R\u00fcckgabe zu beanstanden.<\/p><p><strong>12.Salvatorische Klausel<\/strong><\/p><p>Sollten einzelne Bestimmungen dieses Vertrages unwirksam oder undurchf\u00fchrbar sein oder nach Vertragsschluss unwirksam oder undurchf\u00fchrbar werden, bleibt davon die Wirksamkeit des Vertrages im \u00dcbrigen unber\u00fchrt. An die Stelle der unwirksamen oder undurchf\u00fchrbaren Bestimmungen soll diejenige wirksame und durchf\u00fchrbare Regelung treten, deren Wirkungen der wirtschaftlichen Zielsetzung am n\u00e4chsten kommen, die die Vertragsparteien mit der unwirksamen bzw. undurchf\u00fchrbaren Bestimmung verfolgt haben. Die vorstehenden Bestimmungen gelten entsprechend f\u00fcr den Fall, dass sich der Vertrag als l\u00fcckenhaft erweist.<\/p><p><strong>13.Vertragsstrafe<\/strong><\/p><p>Verletzt der Mieter eine Bestimmung des Mietvertrags oder dieser Allgemeinen Bedingungen zum Mietvertrag, ist der Mieter zur Zahlung einer Vertragsstrafe in H\u00f6he von CHF&nbsp;1\u2019000.00 verpflichtet. Die Geltendmachung weiterer Schadenersatzanspr\u00fcche und aller sonstigen Anspr\u00fcche bleibt ausdr\u00fccklich vorbehalten.<\/p><p><strong>14.Anwendbares Recht und Gerichtsstand<\/strong><\/p><p>Dieser Vertrag untersteht ausschliesslich Schweizer Recht unter Ausschluss des internationalen Privatrechts. Ausschliesslicher Gerichtsstand ist am Sitz der Vermieterin in Z\u00fcrich. Die Vermieterin ist berechtigt, wahlweise am Sitz des Mieters Klage einzureichen.<\/p>","protected":false},"excerpt":{"rendered":"<p>Allgemeine Gesch\u00e4ftsbedingungen (AGB) Hier finden Sie unsere Datenschutz-Seite. SAC Sportscars AG 1.Parteien Vermieterin ist die SAC Sportscars AG (nachfolgend \u201eVermieterin\u201c oder \u201eSAC\u201c genannt). Mieter ist die jeweilige im Mietvertrag eingetragene nat\u00fcrliche oder juristische Person, die ein Fahrzeug der SAC mietet (nachfolgend der \u00abMieter\u00bb). Bei den von der SAC vermieteten Fahrzeugen handelt es sich grunds\u00e4tzlich um [&hellip;]<\/p>\n","protected":false},"author":1,"featured_media":0,"parent":0,"menu_order":10,"comment_status":"closed","ping_status":"open","template":"","meta":{"_acf_changed":false,"_gspb_post_css":"","footnotes":""},"class_list":["post-2190","page","type-page","status-publish","hentry"],"blocksy_meta":{"page_structure_type":"type-3","styles_descriptor":{"styles":{"desktop":"","tablet":"","mobile":""},"google_fonts":[],"version":6},"has_hero_section":"disabled"},"acf":[],"yoast_head":"<!-- This site is optimized with the Yoast SEO plugin v24.9 - https:\/\/yoast.com\/wordpress\/plugins\/seo\/ -->\n<title>Terms - SAC Sportscars AG<\/title>\n<meta name=\"robots\" content=\"index, follow, max-snippet:-1, max-image-preview:large, max-video-preview:-1\" \/>\n<link rel=\"canonical\" href=\"https:\/\/sac-sportscars.ch\/en\/agb\/\" \/>\n<meta property=\"og:locale\" content=\"en_US\" \/>\n<meta property=\"og:type\" content=\"article\" \/>\n<meta property=\"og:title\" content=\"Terms - SAC Sportscars AG\" \/>\n<meta property=\"og:description\" content=\"Allgemeine Gesch\u00e4ftsbedingungen (AGB) Hier finden Sie unsere Datenschutz-Seite. SAC Sportscars AG 1.Parteien Vermieterin ist die SAC Sportscars AG (nachfolgend \u201eVermieterin\u201c oder \u201eSAC\u201c genannt). Mieter ist die jeweilige im Mietvertrag eingetragene nat\u00fcrliche oder juristische Person, die ein Fahrzeug der SAC mietet (nachfolgend der \u00abMieter\u00bb). Bei den von der SAC vermieteten Fahrzeugen handelt es sich grunds\u00e4tzlich um [&hellip;]\" \/>\n<meta property=\"og:url\" content=\"https:\/\/sac-sportscars.ch\/en\/agb\/\" \/>\n<meta property=\"og:site_name\" content=\"SAC Sportscars AG\" \/>\n<meta property=\"article:modified_time\" content=\"2025-12-10T12:21:36+00:00\" \/>\n<meta name=\"twitter:card\" content=\"summary_large_image\" \/>\n<meta name=\"twitter:label1\" content=\"Est. reading time\" \/>\n\t<meta name=\"twitter:data1\" content=\"7 minutes\" \/>\n<script type=\"application\/ld+json\" class=\"yoast-schema-graph\">{\"@context\":\"https:\/\/schema.org\",\"@graph\":[{\"@type\":\"WebPage\",\"@id\":\"https:\/\/sac-sportscars.ch\/en\/agb\/\",\"url\":\"https:\/\/sac-sportscars.ch\/en\/agb\/\",\"name\":\"Terms - SAC Sportscars AG\",\"isPartOf\":{\"@id\":\"https:\/\/sac-sportscars.ch\/#website\"},\"datePublished\":\"2024-12-09T12:41:11+00:00\",\"dateModified\":\"2025-12-10T12:21:36+00:00\",\"breadcrumb\":{\"@id\":\"https:\/\/sac-sportscars.ch\/en\/agb\/#breadcrumb\"},\"inLanguage\":\"en-US\",\"potentialAction\":[{\"@type\":\"ReadAction\",\"target\":[\"https:\/\/sac-sportscars.ch\/en\/agb\/\"]}]},{\"@type\":\"BreadcrumbList\",\"@id\":\"https:\/\/sac-sportscars.ch\/en\/agb\/#breadcrumb\",\"itemListElement\":[{\"@type\":\"ListItem\",\"position\":1,\"name\":\"Startseite\",\"item\":\"https:\/\/sac-sportscars.ch\/en\/\"},{\"@type\":\"ListItem\",\"position\":2,\"name\":\"Terms\"}]},{\"@type\":\"WebSite\",\"@id\":\"https:\/\/sac-sportscars.ch\/#website\",\"url\":\"https:\/\/sac-sportscars.ch\/\",\"name\":\"SAC Sportscars AG\",\"description\":\"\",\"publisher\":{\"@id\":\"https:\/\/sac-sportscars.ch\/#organization\"},\"potentialAction\":[{\"@type\":\"SearchAction\",\"target\":{\"@type\":\"EntryPoint\",\"urlTemplate\":\"https:\/\/sac-sportscars.ch\/?s={search_term_string}\"},\"query-input\":{\"@type\":\"PropertyValueSpecification\",\"valueRequired\":true,\"valueName\":\"search_term_string\"}}],\"inLanguage\":\"en-US\"},{\"@type\":\"Organization\",\"@id\":\"https:\/\/sac-sportscars.ch\/#organization\",\"name\":\"SAC Sportscars AG\",\"url\":\"https:\/\/sac-sportscars.ch\/\",\"logo\":{\"@type\":\"ImageObject\",\"inLanguage\":\"en-US\",\"@id\":\"https:\/\/sac-sportscars.ch\/#\/schema\/logo\/image\/\",\"url\":\"https:\/\/sac-sportscars.ch\/wp-content\/uploads\/2025\/01\/sac_sportscars_ag_logo_white.svg\",\"contentUrl\":\"https:\/\/sac-sportscars.ch\/wp-content\/uploads\/2025\/01\/sac_sportscars_ag_logo_white.svg\",\"width\":972,\"height\":33,\"caption\":\"SAC Sportscars AG\"},\"image\":{\"@id\":\"https:\/\/sac-sportscars.ch\/#\/schema\/logo\/image\/\"}}]}<\/script>\n<!-- \/ Yoast SEO plugin. -->","yoast_head_json":{"title":"Terms - SAC Sportscars AG","robots":{"index":"index","follow":"follow","max-snippet":"max-snippet:-1","max-image-preview":"max-image-preview:large","max-video-preview":"max-video-preview:-1"},"canonical":"https:\/\/sac-sportscars.ch\/en\/agb\/","og_locale":"en_US","og_type":"article","og_title":"Terms - SAC Sportscars AG","og_description":"Allgemeine Gesch\u00e4ftsbedingungen (AGB) Hier finden Sie unsere Datenschutz-Seite. SAC Sportscars AG 1.Parteien Vermieterin ist die SAC Sportscars AG (nachfolgend \u201eVermieterin\u201c oder \u201eSAC\u201c genannt). Mieter ist die jeweilige im Mietvertrag eingetragene nat\u00fcrliche oder juristische Person, die ein Fahrzeug der SAC mietet (nachfolgend der \u00abMieter\u00bb). Bei den von der SAC vermieteten Fahrzeugen handelt es sich grunds\u00e4tzlich um [&hellip;]","og_url":"https:\/\/sac-sportscars.ch\/en\/agb\/","og_site_name":"SAC Sportscars AG","article_modified_time":"2025-12-10T12:21:36+00:00","twitter_card":"summary_large_image","twitter_misc":{"Est. reading time":"7 minutes"},"schema":{"@context":"https:\/\/schema.org","@graph":[{"@type":"WebPage","@id":"https:\/\/sac-sportscars.ch\/en\/agb\/","url":"https:\/\/sac-sportscars.ch\/en\/agb\/","name":"Terms - SAC Sportscars AG","isPartOf":{"@id":"https:\/\/sac-sportscars.ch\/#website"},"datePublished":"2024-12-09T12:41:11+00:00","dateModified":"2025-12-10T12:21:36+00:00","breadcrumb":{"@id":"https:\/\/sac-sportscars.ch\/en\/agb\/#breadcrumb"},"inLanguage":"en-US","potentialAction":[{"@type":"ReadAction","target":["https:\/\/sac-sportscars.ch\/en\/agb\/"]}]},{"@type":"BreadcrumbList","@id":"https:\/\/sac-sportscars.ch\/en\/agb\/#breadcrumb","itemListElement":[{"@type":"ListItem","position":1,"name":"Startseite","item":"https:\/\/sac-sportscars.ch\/en\/"},{"@type":"ListItem","position":2,"name":"Terms"}]},{"@type":"WebSite","@id":"https:\/\/sac-sportscars.ch\/#website","url":"https:\/\/sac-sportscars.ch\/","name":"SAC Sportscars AG","description":"","publisher":{"@id":"https:\/\/sac-sportscars.ch\/#organization"},"potentialAction":[{"@type":"SearchAction","target":{"@type":"EntryPoint","urlTemplate":"https:\/\/sac-sportscars.ch\/?s={search_term_string}"},"query-input":{"@type":"PropertyValueSpecification","valueRequired":true,"valueName":"search_term_string"}}],"inLanguage":"en-US"},{"@type":"Organization","@id":"https:\/\/sac-sportscars.ch\/#organization","name":"SAC Sportscars AG","url":"https:\/\/sac-sportscars.ch\/","logo":{"@type":"ImageObject","inLanguage":"en-US","@id":"https:\/\/sac-sportscars.ch\/#\/schema\/logo\/image\/","url":"https:\/\/sac-sportscars.ch\/wp-content\/uploads\/2025\/01\/sac_sportscars_ag_logo_white.svg","contentUrl":"https:\/\/sac-sportscars.ch\/wp-content\/uploads\/2025\/01\/sac_sportscars_ag_logo_white.svg","width":972,"height":33,"caption":"SAC Sportscars AG"},"image":{"@id":"https:\/\/sac-sportscars.ch\/#\/schema\/logo\/image\/"}}]}},"_links":{"self":[{"href":"https:\/\/sac-sportscars.ch\/en\/wp-json\/wp\/v2\/pages\/2190","targetHints":{"allow":["GET"]}}],"collection":[{"href":"https:\/\/sac-sportscars.ch\/en\/wp-json\/wp\/v2\/pages"}],"about":[{"href":"https:\/\/sac-sportscars.ch\/en\/wp-json\/wp\/v2\/types\/page"}],"author":[{"embeddable":true,"href":"https:\/\/sac-sportscars.ch\/en\/wp-json\/wp\/v2\/users\/1"}],"replies":[{"embeddable":true,"href":"https:\/\/sac-sportscars.ch\/en\/wp-json\/wp\/v2\/comments?post=2190"}],"version-history":[{"count":23,"href":"https:\/\/sac-sportscars.ch\/en\/wp-json\/wp\/v2\/pages\/2190\/revisions"}],"predecessor-version":[{"id":3514,"href":"https:\/\/sac-sportscars.ch\/en\/wp-json\/wp\/v2\/pages\/2190\/revisions\/3514"}],"wp:attachment":[{"href":"https:\/\/sac-sportscars.ch\/en\/wp-json\/wp\/v2\/media?parent=2190"}],"curies":[{"name":"wp","href":"https:\/\/api.w.org\/{rel}","templated":true}]}}